{"id":486,"date":"2025-04-10T04:56:39","date_gmt":"2025-04-10T04:56:39","guid":{"rendered":"https:\/\/gmi.hutspotdigital.nl\/mogelijkheden\/"},"modified":"2025-04-11T07:43:19","modified_gmt":"2025-04-11T07:43:19","slug":"possibilites","status":"publish","type":"page","link":"https:\/\/gmi.hutspotdigital.nl\/fr\/possibilites\/","title":{"rendered":"possibilit\u00e9s"},"content":{"rendered":"\t\t<div data-elementor-type=\"wp-page\" data-elementor-id=\"486\" class=\"elementor elementor-486\" data-elementor-post-type=\"page\">\n\t\t\t\t<div class=\"elementor-element elementor-element-e8e60df e-con-full e-flex e-con e-parent\" data-id=\"e8e60df\" data-element_type=\"container\">\n\t\t\t\t<div class=\"elementor-element elementor-element-0e5137e elementor-widget elementor-widget-image\" data-id=\"0e5137e\" data-element_type=\"widget\" data-widget_type=\"image.default\">\n\t\t\t\t\t\t\t\t\t\t\t\t\t\t\t<img fetchpriority=\"high\" decoding=\"async\" width=\"1400\" height=\"121\" src=\"https:\/\/gmi.hutspotdigital.nl\/wp-content\/uploads\/2025\/04\/breadcrumb.jpg\" class=\"attachment-full size-full wp-image-334\" alt=\"breadcrumb\" srcset=\"https:\/\/gmi.hutspotdigital.nl\/wp-content\/uploads\/2025\/04\/breadcrumb.jpg 1400w, https:\/\/gmi.hutspotdigital.nl\/wp-content\/uploads\/2025\/04\/breadcrumb-300x26.jpg 300w, https:\/\/gmi.hutspotdigital.nl\/wp-content\/uploads\/2025\/04\/breadcrumb-1024x89.jpg 1024w, https:\/\/gmi.hutspotdigital.nl\/wp-content\/uploads\/2025\/04\/breadcrumb-768x66.jpg 768w\" sizes=\"(max-width: 1400px) 100vw, 1400px\" \/>\t\t\t\t\t\t\t\t\t\t\t\t\t\t\t<\/div>\n\t\t\t\t<\/div>\n\t\t<div class=\"elementor-element elementor-element-8ea89ec e-flex e-con-boxed e-con e-parent\" data-id=\"8ea89ec\" data-element_type=\"container\">\n\t\t\t\t\t<div class=\"e-con-inner\">\n\t\t<div class=\"elementor-element elementor-element-e0b2a49 e-con-full e-flex e-con e-child\" data-id=\"e0b2a49\" data-element_type=\"container\">\n\t\t\t\t<div class=\"elementor-element elementor-element-84d52f4 elementor-widget elementor-widget-image\" data-id=\"84d52f4\" data-element_type=\"widget\" data-widget_type=\"image.default\">\n\t\t\t\t\t\t\t\t\t\t\t\t\t\t\t<img decoding=\"async\" width=\"653\" height=\"352\" src=\"https:\/\/gmi.hutspotdigital.nl\/wp-content\/uploads\/2025\/04\/stanzen-epe.jpg\" class=\"attachment-full size-full wp-image-487\" alt=\"\" srcset=\"https:\/\/gmi.hutspotdigital.nl\/wp-content\/uploads\/2025\/04\/stanzen-epe.jpg 653w, https:\/\/gmi.hutspotdigital.nl\/wp-content\/uploads\/2025\/04\/stanzen-epe-300x162.jpg 300w\" sizes=\"(max-width: 653px) 100vw, 653px\" \/>\t\t\t\t\t\t\t\t\t\t\t\t\t\t\t<\/div>\n\t\t\t\t<div class=\"elementor-element elementor-element-e1fce93 elementor-widget elementor-widget-text-editor\" data-id=\"e1fce93\" data-element_type=\"widget\" data-widget_type=\"text-editor.default\">\n\t\t\t\t\t\t\t\t\t<main id=\"content\" class=\"col-sm-9 col-lg-9 col-xs-12 col-md-9\" role=\"main\"><div class=\"com-content-article item-page\"><div class=\"com-content-article__body\"><p>Depuis plus de 50 ans, notre \u00e9tablissement est sp\u00e9cialis\u00e9 dans la fourniture d\u2019 \u00e9l\u00e9ments m\u00e9talliques\/synth\u00e9tiques qui comprend le traitement, l\u2019assemblage e\/ou le surfa\u00e7age. A cet effet, nous disposons d\u2019un atelier de fabrication d\u2019outils interne (y compris machine \u00e0 d\u00e9couper \u00e0 fil). Capacit\u00e9 de poin\u00e7onnage jusqu\u2019\u00e0 350 tonnes; poin\u00e7onnage rotatif; toutes op\u00e9rations de soudure (y compris la soudure robotique); emboutissage; composition; coupure ;d\u00e9coupage; taraudage au plasma etc. Nous disposons en outre de centaines de poin\u00e7ons ronds, carr\u00e9s, \u00e0 rainure et angulaires que nous vous proposons sans vous escompter de frais d\u2019outils. Nous fabriquons \u00e9galement des disques d\u2019un diam\u00e8tre jusqu\u2019\u00e0 1500x6mm en m\u00e9tal, 1500x5mm en inox (sans frais d\u2019outils).<\/p><\/div><\/div><\/main><div id=\"rightside\" class=\"col-xs-12 col-sm-3 col-md-3 col-lg-3\">\u00a0<\/div>\t\t\t\t\t\t\t\t<\/div>\n\t\t\t\t<\/div>\n\t\t<div class=\"elementor-element elementor-element-c86928f e-con-full e-flex e-con e-child\" data-id=\"c86928f\" data-element_type=\"container\">\n\t\t\t\t<div class=\"elementor-element elementor-element-24d3aec elementor-widget elementor-widget-video\" data-id=\"24d3aec\" data-element_type=\"widget\" data-settings=\"{&quot;youtube_url&quot;:&quot;https:\\\/\\\/www.youtube.com\\\/watch?v=yhZnxm4c32Q&quot;,&quot;video_type&quot;:&quot;youtube&quot;,&quot;controls&quot;:&quot;yes&quot;}\" data-widget_type=\"video.default\">\n\t\t\t\t\t\t\t<div class=\"elementor-wrapper elementor-open-inline\">\n\t\t\t<div class=\"elementor-video\"><\/div>\t\t<\/div>\n\t\t\t\t\t\t<\/div>\n\t\t\t\t<div class=\"elementor-element elementor-element-751d59f elementor-widget elementor-widget-text-editor\" data-id=\"751d59f\" data-element_type=\"widget\" data-widget_type=\"text-editor.default\">\n\t\t\t\t\t\t\t\t\t<p>Metaalwarenfabriek G.M.I. Epe B.V.<br \/>Kantooradres:<br \/>Kweekweg 26<br \/>8161 PG Epe<\/p><p>T: <a href=\"tel:+31-578-612617\">+31-578-612617<\/a><br \/>F: <a href=\"tel:+31-578-621997\">+31-578-621997<\/a><br \/>E: <a href=\"mailto:gmiepebv@planet.nl\">gmiepebv@planet.nl<\/a><br \/>KvK 08051833<\/p>\t\t\t\t\t\t\t\t<\/div>\n\t\t\t\t<\/div>\n\t\t\t\t\t<\/div>\n\t\t\t\t<\/div>\n\t\t\t\t<\/div>\n\t\t","protected":false},"excerpt":{"rendered":"<p>Depuis plus de 50 ans, notre \u00e9tablissement est sp\u00e9cialis\u00e9 dans la fourniture d\u2019 \u00e9l\u00e9ments m\u00e9talliques\/synth\u00e9tiques qui comprend le traitement, l\u2019assemblage e\/ou le surfa\u00e7age. A cet effet, nous disposons d\u2019un atelier de fabrication d\u2019outils interne (y compris machine \u00e0 d\u00e9couper \u00e0 fil). Capacit\u00e9 de poin\u00e7onnage jusqu\u2019\u00e0 350 tonnes; poin\u00e7onnage rotatif; toutes op\u00e9rations de soudure (y compris [&hellip;]<\/p>\n","protected":false},"author":1,"featured_media":0,"parent":0,"menu_order":0,"comment_status":"closed","ping_status":"closed","template":"","meta":{"inline_featured_image":false,"footnotes":""},"class_list":["post-486","page","type-page","status-publish","hentry"],"_links":{"self":[{"href":"https:\/\/gmi.hutspotdigital.nl\/fr\/wp-json\/wp\/v2\/pages\/486","targetHints":{"allow":["GET"]}}],"collection":[{"href":"https:\/\/gmi.hutspotdigital.nl\/fr\/wp-json\/wp\/v2\/pages"}],"about":[{"href":"https:\/\/gmi.hutspotdigital.nl\/fr\/wp-json\/wp\/v2\/types\/page"}],"author":[{"embeddable":true,"href":"https:\/\/gmi.hutspotdigital.nl\/fr\/wp-json\/wp\/v2\/users\/1"}],"replies":[{"embeddable":true,"href":"https:\/\/gmi.hutspotdigital.nl\/fr\/wp-json\/wp\/v2\/comments?post=486"}],"version-history":[{"count":11,"href":"https:\/\/gmi.hutspotdigital.nl\/fr\/wp-json\/wp\/v2\/pages\/486\/revisions"}],"predecessor-version":[{"id":853,"href":"https:\/\/gmi.hutspotdigital.nl\/fr\/wp-json\/wp\/v2\/pages\/486\/revisions\/853"}],"wp:attachment":[{"href":"https:\/\/gmi.hutspotdigital.nl\/fr\/wp-json\/wp\/v2\/media?parent=486"}],"curies":[{"name":"wp","href":"https:\/\/api.w.org\/{rel}","templated":true}]}}