{"id":488,"date":"2025-04-10T04:56:39","date_gmt":"2025-04-10T04:56:39","guid":{"rendered":"https:\/\/gmi.hutspotdigital.nl\/mogelijkheden\/"},"modified":"2025-04-11T07:43:33","modified_gmt":"2025-04-11T07:43:33","slug":"moeglichkeiten","status":"publish","type":"page","link":"https:\/\/gmi.hutspotdigital.nl\/de\/moeglichkeiten\/","title":{"rendered":"M\u00f6glichkeiten"},"content":{"rendered":"\t\t<div data-elementor-type=\"wp-page\" data-elementor-id=\"488\" class=\"elementor elementor-488\" data-elementor-post-type=\"page\">\n\t\t\t\t<div class=\"elementor-element elementor-element-adf4424 e-con-full e-flex e-con e-parent\" data-id=\"adf4424\" data-element_type=\"container\">\n\t\t\t\t<div class=\"elementor-element elementor-element-6a4992e elementor-widget elementor-widget-image\" data-id=\"6a4992e\" data-element_type=\"widget\" data-widget_type=\"image.default\">\n\t\t\t\t\t\t\t\t\t\t\t\t\t\t\t<img fetchpriority=\"high\" decoding=\"async\" width=\"1400\" height=\"121\" src=\"https:\/\/gmi.hutspotdigital.nl\/wp-content\/uploads\/2025\/04\/breadcrumb.jpg\" class=\"attachment-full size-full wp-image-334\" alt=\"breadcrumb\" srcset=\"https:\/\/gmi.hutspotdigital.nl\/wp-content\/uploads\/2025\/04\/breadcrumb.jpg 1400w, https:\/\/gmi.hutspotdigital.nl\/wp-content\/uploads\/2025\/04\/breadcrumb-300x26.jpg 300w, https:\/\/gmi.hutspotdigital.nl\/wp-content\/uploads\/2025\/04\/breadcrumb-1024x89.jpg 1024w, https:\/\/gmi.hutspotdigital.nl\/wp-content\/uploads\/2025\/04\/breadcrumb-768x66.jpg 768w\" sizes=\"(max-width: 1400px) 100vw, 1400px\" \/>\t\t\t\t\t\t\t\t\t\t\t\t\t\t\t<\/div>\n\t\t\t\t<\/div>\n\t\t<div class=\"elementor-element elementor-element-8ea89ec e-flex e-con-boxed e-con e-parent\" data-id=\"8ea89ec\" data-element_type=\"container\">\n\t\t\t\t\t<div class=\"e-con-inner\">\n\t\t<div class=\"elementor-element elementor-element-e0b2a49 e-con-full e-flex e-con e-child\" data-id=\"e0b2a49\" data-element_type=\"container\">\n\t\t\t\t<div class=\"elementor-element elementor-element-d766bc4 elementor-widget elementor-widget-heading\" data-id=\"d766bc4\" data-element_type=\"widget\" data-widget_type=\"heading.default\">\n\t\t\t\t\t<h1 class=\"elementor-heading-title elementor-size-default\">Duits Intro<\/h1>\t\t\t\t<\/div>\n\t\t\t\t<div class=\"elementor-element elementor-element-84d52f4 elementor-widget elementor-widget-image\" data-id=\"84d52f4\" data-element_type=\"widget\" data-widget_type=\"image.default\">\n\t\t\t\t\t\t\t\t\t\t\t\t\t\t\t<img decoding=\"async\" width=\"653\" height=\"352\" src=\"https:\/\/gmi.hutspotdigital.nl\/wp-content\/uploads\/2025\/04\/stanzen-epe.jpg\" class=\"attachment-full size-full wp-image-489\" alt=\"\" srcset=\"https:\/\/gmi.hutspotdigital.nl\/wp-content\/uploads\/2025\/04\/stanzen-epe.jpg 653w, https:\/\/gmi.hutspotdigital.nl\/wp-content\/uploads\/2025\/04\/stanzen-epe-300x162.jpg 300w\" sizes=\"(max-width: 653px) 100vw, 653px\" \/>\t\t\t\t\t\t\t\t\t\t\t\t\t\t\t<\/div>\n\t\t\t\t<div class=\"elementor-element elementor-element-e1fce93 elementor-widget elementor-widget-text-editor\" data-id=\"e1fce93\" data-element_type=\"widget\" data-widget_type=\"text-editor.default\">\n\t\t\t\t\t\t\t\t\t<p>Seit \u00fcber 50 Jahren sind wir Spezialist in der Herstellung von Metall- und Kunststoffteilen inklusive deren Bearbeitung, Zusammenstellung und Oberfl\u00e4chenbehandlung. Neben einem eigenen Werkzeugbau mit CNC-, Fr\u00e4ss- und Drahterodiermaschinen unterhalten wir derzeit 20 Stanzen (auch Rotationsstanzen) mit einer maximalen Kapazit\u00e4t von 350t. Schweissarbeiten, Roboterschweissen, Tiefziehen, Abkanten und Plasmaschneiden geh\u00f6ren ebenso zu unseren Aufgaben, wie Blechzuschnitte und Gewindeschneiden. Ausserdem verf\u00fcgen wir \u00fcber zahlreiche Stanzwerkzeuge f\u00fcr die verschiedensten Einsatzm\u00f6glichkeiten, die wir bei der Fertigung ohne zus\u00e4tzliche Werkzeugkosten einsetzen k\u00f6nnen. Stahlscheiben fertigen wir bis 1500x6mm (VA 1500x5mm) ohne Werkzeugkosten.<\/p>\t\t\t\t\t\t\t\t<\/div>\n\t\t\t\t<\/div>\n\t\t<div class=\"elementor-element elementor-element-c86928f e-con-full e-flex e-con e-child\" data-id=\"c86928f\" data-element_type=\"container\">\n\t\t\t\t<div class=\"elementor-element elementor-element-24d3aec elementor-widget elementor-widget-video\" data-id=\"24d3aec\" data-element_type=\"widget\" data-settings=\"{&quot;youtube_url&quot;:&quot;https:\\\/\\\/www.youtube.com\\\/watch?v=yhZnxm4c32Q&quot;,&quot;video_type&quot;:&quot;youtube&quot;,&quot;controls&quot;:&quot;yes&quot;}\" data-widget_type=\"video.default\">\n\t\t\t\t\t\t\t<div class=\"elementor-wrapper elementor-open-inline\">\n\t\t\t<div class=\"elementor-video\"><\/div>\t\t<\/div>\n\t\t\t\t\t\t<\/div>\n\t\t\t\t<div class=\"elementor-element elementor-element-751d59f elementor-widget elementor-widget-text-editor\" data-id=\"751d59f\" data-element_type=\"widget\" data-widget_type=\"text-editor.default\">\n\t\t\t\t\t\t\t\t\t<p>Metaalwarenfabriek G.M.I. Epe B.V.<br \/>Kantooradres:<br \/>Kweekweg 26<br \/>8161 PG Epe<\/p><p>T: <a href=\"tel:+31-578-612617\">+31-578-612617<\/a><br \/>F: <a href=\"tel:+31-578-621997\">+31-578-621997<\/a><br \/>E: <a href=\"mailto:gmiepebv@planet.nl\">gmiepebv@planet.nl<\/a><br \/>KvK 08051833<\/p>\t\t\t\t\t\t\t\t<\/div>\n\t\t\t\t<\/div>\n\t\t\t\t\t<\/div>\n\t\t\t\t<\/div>\n\t\t\t\t<\/div>\n\t\t","protected":false},"excerpt":{"rendered":"<p>Duits Intro Seit \u00fcber 50 Jahren sind wir Spezialist in der Herstellung von Metall- und Kunststoffteilen inklusive deren Bearbeitung, Zusammenstellung und Oberfl\u00e4chenbehandlung. Neben einem eigenen Werkzeugbau mit CNC-, Fr\u00e4ss- und Drahterodiermaschinen unterhalten wir derzeit 20 Stanzen (auch Rotationsstanzen) mit einer maximalen Kapazit\u00e4t von 350t. Schweissarbeiten, Roboterschweissen, Tiefziehen, Abkanten und Plasmaschneiden geh\u00f6ren ebenso zu unseren Aufgaben, [&hellip;]<\/p>\n","protected":false},"author":1,"featured_media":0,"parent":0,"menu_order":0,"comment_status":"closed","ping_status":"closed","template":"","meta":{"inline_featured_image":false,"footnotes":""},"class_list":["post-488","page","type-page","status-publish","hentry"],"_links":{"self":[{"href":"https:\/\/gmi.hutspotdigital.nl\/de\/wp-json\/wp\/v2\/pages\/488","targetHints":{"allow":["GET"]}}],"collection":[{"href":"https:\/\/gmi.hutspotdigital.nl\/de\/wp-json\/wp\/v2\/pages"}],"about":[{"href":"https:\/\/gmi.hutspotdigital.nl\/de\/wp-json\/wp\/v2\/types\/page"}],"author":[{"embeddable":true,"href":"https:\/\/gmi.hutspotdigital.nl\/de\/wp-json\/wp\/v2\/users\/1"}],"replies":[{"embeddable":true,"href":"https:\/\/gmi.hutspotdigital.nl\/de\/wp-json\/wp\/v2\/comments?post=488"}],"version-history":[{"count":10,"href":"https:\/\/gmi.hutspotdigital.nl\/de\/wp-json\/wp\/v2\/pages\/488\/revisions"}],"predecessor-version":[{"id":856,"href":"https:\/\/gmi.hutspotdigital.nl\/de\/wp-json\/wp\/v2\/pages\/488\/revisions\/856"}],"wp:attachment":[{"href":"https:\/\/gmi.hutspotdigital.nl\/de\/wp-json\/wp\/v2\/media?parent=488"}],"curies":[{"name":"wp","href":"https:\/\/api.w.org\/{rel}","templated":true}]}}